{"id":4207,"date":"2014-10-15T04:16:33","date_gmt":"2014-10-15T04:16:33","guid":{"rendered":"https:\/\/www.traditionandadventure.com\/about-us\/"},"modified":"2019-03-13T14:14:34","modified_gmt":"2019-03-13T14:14:34","slug":"about-us","status":"publish","type":"page","link":"https:\/\/www.traditionandadventure.com\/de\/about-us\/","title":{"rendered":"\u00dcber uns"},"content":{"rendered":"<div class=\"one withsmallpadding \" >\n<div class=\"page_content_wrapper\">\n<div style=\"text-align:center\">\n<h1 style=\"font-size:26px;font-style:italic;font-weight:600;\">Wir sind ein leidenschaftliches Team mit der Vision<br \/>die beste und aufregendste Erfahrung f\u00fcr unsere Kunden zu liefern.<\/h1>\n<div style=\"font-weight:bold;text-transform:uppercase;letter-spacing:1px;color:#b63327;margin-top:15px;\">Reise. Touren. Abenteuer.<\/div>\n<\/div>\n<\/div>\n<\/div>\n<div class=\"one withsmallpadding \" >\n<div class=\"page_content_wrapper\">\n<p>Tradition und Abenteuer ist ein incoming Unternehmen mit sehr erfahrenen Mitarbeitern in der Tourismusbranche. Unser Team ist voll von neuen Ideen und sehr flexibel in der Organisation von Touren nach Ihrem Interesse. T &#038; A ist darauf spezialisiert Partnerunternehmen auf der ganzen Welt und Reisenden die besten Dienstleistungen in Albanien und auf dem Balkan anzubieten.<\/p>\n<p>Unser Hauptziel ist es, unseren G\u00e4sten den originellen und interessanten Teil des Reiseziels zu zeigen, das f\u00fcr den Besuch ausgew\u00e4hlt wurde. Die Region des Balkans bleibt ein unentdecktes Ziel und ein Muss, um zu erkunden, ist Albanien, das der unentdeckte Diamant Europas genannt wurde.<br \/>\nWenn Sie erw\u00e4gen, Albanien besuchen, aber Sie mehr Informationen und Fragen haben, z\u00f6gern Sie nicht unsere Firma kontaktieren. Unser Team freut sich darauf, Ihnen in k\u00fcrzester Zeit professionell zu antworten.<\/p>\n<p>T &#038; A bietet kulturelle, arch\u00e4ologische, folkloristische, Natur-, Abenteuer- und kulinarische Touren durch Albanien an oder wenn Sie nur unsere wundersch\u00f6ne K\u00fcste genie\u00dfen m\u00f6chten, organisieren wir f\u00fcr Sie den besten Strandurlaub. Wir sprechen IHRE SPRACHE. Wir haben ein Team, das zu jeder Zeit reibungslos mit Ihnen kommuniziert. Unsere professionellen Guides sorgen daf\u00fcr, dass Sie Ihr Herz in einer Sprache erw\u00e4rmen, die Ihre Erfahrung zur sch\u00f6nsten Erinnerung macht. Wir sprechen: Englisch, Deutsch, Italienisch, Albanisch.<\/p>\n<p>Aus der Leidenschaft f\u00fcr Albanien und Reisen geschaffen, ist es unser Ziel, mit Leidenschaft, Kreativit\u00e4t, Effizienz und der Zusammenarbeit mit den besten Lieferanten aufregende und hochwertige Reiseerlebnisse f\u00fcr den anspruchsvollen Reisenden zu bieten. Dar\u00fcber hinaus wollen wir einzigartige L\u00f6sungen und authentische Erfahrungen bieten, die auf lange Sicht erhalten bleiben.<\/p>\n<p>Wir sind offen f\u00fcr jede zuk\u00fcnftige Zusammenarbeit.<\/p>\n<\/div>\n<\/div>\n<div class=\"one withsmallpadding  \">\n<div class=\"page_content_wrapper\" style=\"text-align:center\">\n<h2 class=\"ppb_title\">Warum uns?<\/h2>\n<div style=\"height:20px\"><\/div>\n<p><\/p>\n<div class=\"service_content_wrapper \">\n<div class=\"one_third \">\n<div class=\"service_wrapper\">\n<div class=\"service_icon\"><i class=\"fa fa-star\"><\/i><\/div>\n<div class=\"service_title\">\n<h3>Handpicked Hotels<\/h3>\n<div class=\"service_content\">All accommodations have been carefully chosen to ensure that our clients experience the best blend possible of those elements which create a memorable visit, such as location, service, comfort, style and architectural beauty. From north to south all the best standard and service hotels with outstanding prices.<\/div>\n<\/div>\n<\/div>\n<\/div>\n<div class=\"one_third \">\n<div class=\"service_wrapper\">\n<div class=\"service_icon\"><i class=\"fa fa-globe\"><\/i><\/div>\n<div class=\"service_title\">\n<h3>Qualified Service<\/h3>\n<div class=\"service_content\">We give you efficient, friendly and knowledgeable service.\u00a0We provide an answer to any question about your trip and Make sure you can contact an expert on any destination within 24 hours.<\/p>\n<p>&nbsp;<\/p><\/div>\n<\/div>\n<\/div>\n<\/div>\n<div class=\"one_third last\">\n<div class=\"service_wrapper\">\n<div class=\"service_icon\"><i class=\"fa fa-thumbs-up\"><\/i><\/div>\n<div class=\"service_title\">\n<h3>Best Price Guarantee<\/h3>\n<div class=\"service_content\">T &amp; A is a source of interesting offers for every customer and product category. It is a combination of the desire and the ability to create satisfied customers. T &amp; A analyzes and works to maintain the service standard. We offer you the flexibility to choose your own guide, tours and services according to your budget.<\/div>\n<\/div>\n<\/div>\n<\/div>\n<p><br class=\"clear\"\/><\/div>\n<p><br class=\"clear\"\/><\/div>\n<\/div>\n","protected":false},"excerpt":{"rendered":"<p>Wir sind ein leidenschaftliches Team mit der Visiondie beste und aufregendste Erfahrung f\u00fcr unsere Kunden zu liefern. Reise. Touren. Abenteuer. Tradition und Abenteuer ist ein incoming Unternehmen mit sehr erfahrenen Mitarbeitern in der Tourismusbranche. Unser Team ist voll von neuen Ideen und sehr flexibel in der [&hellip;]<\/p>\n","protected":false},"author":1,"featured_media":0,"parent":0,"menu_order":0,"comment_status":"open","ping_status":"open","template":"page_f.php","meta":[],"yst_prominent_words":[963,2571,944,2575,945,964,970,1075,2573,1074,2572,1242,334,1076,2570,2574,956,2569,2576,972],"_links":{"self":[{"href":"https:\/\/www.traditionandadventure.com\/de\/wp-json\/wp\/v2\/pages\/4207"}],"collection":[{"href":"https:\/\/www.traditionandadventure.com\/de\/wp-json\/wp\/v2\/pages"}],"about":[{"href":"https:\/\/www.traditionandadventure.com\/de\/wp-json\/wp\/v2\/types\/page"}],"author":[{"embeddable":true,"href":"https:\/\/www.traditionandadventure.com\/de\/wp-json\/wp\/v2\/users\/1"}],"replies":[{"embeddable":true,"href":"https:\/\/www.traditionandadventure.com\/de\/wp-json\/wp\/v2\/comments?post=4207"}],"version-history":[{"count":13,"href":"https:\/\/www.traditionandadventure.com\/de\/wp-json\/wp\/v2\/pages\/4207\/revisions"}],"predecessor-version":[{"id":5271,"href":"https:\/\/www.traditionandadventure.com\/de\/wp-json\/wp\/v2\/pages\/4207\/revisions\/5271"}],"wp:attachment":[{"href":"https:\/\/www.traditionandadventure.com\/de\/wp-json\/wp\/v2\/media?parent=4207"}],"wp:term":[{"taxonomy":"yst_prominent_words","embeddable":true,"href":"https:\/\/www.traditionandadventure.com\/de\/wp-json\/wp\/v2\/yst_prominent_words?post=4207"}],"curies":[{"name":"wp","href":"https:\/\/api.w.org\/{rel}","templated":true}]}}